{"id":12,"date":"2020-10-22T11:20:15","date_gmt":"2020-10-22T11:20:15","guid":{"rendered":"http:\/\/new.ferienparkneumatte.de\/?page_id=12"},"modified":"2024-01-14T20:14:20","modified_gmt":"2024-01-14T19:14:20","slug":"saisonzeitenpreise","status":"publish","type":"page","link":"https:\/\/ferienparkneumatte.de\/index.php\/saisonzeitenpreise\/","title":{"rendered":"Preise"},"content":{"rendered":"\n<div class=\"wp-block-group\"><div class=\"wp-block-group__inner-container is-layout-flow wp-block-group-is-layout-flow\">\n<div class=\"wp-block-columns is-layout-flex wp-container-core-columns-is-layout-9d6595d7 wp-block-columns-is-layout-flex\">\n<div class=\"wp-block-column is-layout-flow wp-block-column-is-layout-flow\" style=\"flex-basis:100%\">\n<figure class=\"wp-block-table is-style-regular\"><table class=\"has-fixed-layout\"><thead><tr><th><strong>Hauptsaison<\/strong><sup>(1)<\/sup><br>83,00 \u20ac<\/th><th><strong>Nebensaison<\/strong><sup>(2)<\/sup><br>73,00 \u20ac<\/th><th><strong>Sparwochen<\/strong><sup>(3)<\/sup><br>56,00 \u20ac<\/th><\/tr><\/thead><tbody><tr><td>01.01. &#8211; 05.01.2024<\/td><td>06.01. &#8211; 09.02.2024<\/td><td>09.11. &#8211; 06.12.2024<\/td><\/tr><tr><td>10.02. &#8211; 16.02.2024<\/td><td>17.02. &#8211; 17.05.2024<\/td><td>&nbsp;<\/td><\/tr><tr><td>18.05. &#8211; 06.09.2024<\/td><td>07.09. &#8211; 11.10.2024<\/td><td>&nbsp;<\/td><\/tr><tr><td>12.10. &#8211; 01.11.2024<\/td><td>02.11. &#8211; 08.11.2024<\/td><td>&nbsp;<\/td><\/tr><tr><td>21.12. &#8211; 31.12.2024<\/td><td>07.12. &#8211; 20.12.2024<\/td><td>&nbsp;<\/td><\/tr><\/tbody><\/table><\/figure>\n\n\n\n<p><\/p>\n\n\n\n<figure class=\"wp-block-table is-style-regular\"><table class=\"has-fixed-layout\"><thead><tr><th><strong>Hauptsaison<\/strong><sup>(1)<\/sup><br>90,00 \u20ac<\/th><th><strong>Nebensaison<\/strong><sup>(2)<\/sup><br>80,00 \u20ac<\/th><th><strong>Sparwochen<\/strong><sup>(3)<\/sup><br>60,00 \u20ac<\/th><\/tr><\/thead><tbody><tr><td>01.01. &#8211; 10.01.2025<\/td><td>11.01. &#8211; 28.02.2025<\/td><td>08.11. &#8211; 05.12.2025<\/td><\/tr><tr><td>01.03. &#8211; 07.03.2025<\/td><td>08.03. &#8211; 06.06.2025<\/td><td>&nbsp;<\/td><\/tr><tr><td>07.06. &#8211; 12.09.2025<\/td><td>13.09. &#8211; 10.10.2025<\/td><td>&nbsp;<\/td><\/tr><tr><td>11.10. &#8211; 31.10.2025<\/td><td>01.11. &#8211; 07.11.2025<\/td><td>&nbsp;<\/td><\/tr><tr><td>20.12. &#8211; 31.12.2025<\/td><td>06.12. &#8211; 19.12.2025<\/td><td>&nbsp;<\/td><\/tr><\/tbody><\/table><\/figure>\n<\/div>\n<\/div>\n<\/div><\/div>\n\n\n\n<p class=\"has-text-align-left\"><sup>(1)<\/sup> Der Preis gilt f\u00fcr eine Belegung mit 2 Personen pro Nacht. Wir vermieten w\u00e4hrend der Hauptsaison nur &nbsp;wochenweise von Samstag auf Samstag. <\/p>\n\n\n\n<p class=\"has-text-align-left\"><sup>(2)<\/sup> Der Preis gilt f\u00fcr eine Belegung mit 2 Personen pro Nacht. In der Nebensaison vermieten wir f\u00fcr mindestens 3 N\u00e4chte und berechnen f\u00fcr Kurzurlaube (Aufenthalt unter 7 N\u00e4chten) einen Aufpreis von 50\u20ac. <\/p>\n\n\n\n<p class=\"has-text-align-left\"><sup>(3)<\/sup> Der Preis gilt f\u00fcr eine Belegung mit 2 Personen pro Nacht. Die Sparwochen gelten ab 1 Woche Mietdauer, ansonsten wird Nebensaison berechnet.&nbsp;<\/p>\n\n\n\n<figure class=\"wp-block-table\"><table class=\"has-fixed-layout\"><thead><tr><th class=\"has-text-align-left\" data-align=\"left\">zzgl. Kurtaxe (enth\u00e4lt die <a href=\"https:\/\/www.schwarzwald-tourismus.info\/planen-buchen\/konus-gaestekarte\" target=\"_blank\" rel=\"noreferrer noopener\">KONUS-G\u00e4stekarte<\/a>)<\/th><\/tr><\/thead><tbody><tr><td class=\"has-text-align-left\" data-align=\"left\">&nbsp;&nbsp; Erwachsene: 2,90 \u20ac \/ Nacht<\/td><\/tr><tr><td class=\"has-text-align-left\" data-align=\"left\">&nbsp;&nbsp; Jugendliche unter 17 Jahre: 1,20 \u20ac \/ Nacht<\/td><\/tr><tr><td class=\"has-text-align-left\" data-align=\"left\">&nbsp;&nbsp; Kinder unter 6 Jahre: keine Kurtaxe<\/td><\/tr><\/tbody><\/table><\/figure>\n\n\n\n<figure class=\"wp-block-table\"><table class=\"has-fixed-layout\"><thead><tr><th class=\"has-text-align-left\" data-align=\"left\">Zus\u00e4tzliche Personen<\/th><\/tr><\/thead><tbody><tr><td class=\"has-text-align-left\" data-align=\"left\">&nbsp;&nbsp; Erwachsene und Jugendliche ab 6 Jahre : 10 \u20ac \/ Nacht<\/td><\/tr><tr><td class=\"has-text-align-left\" data-align=\"left\">&nbsp;&nbsp; Kinder unter 6 Jahre : 5 \u20ac \/ Nacht<\/td><\/tr><\/tbody><\/table><\/figure>\n\n\n\n<p>Im Preis enthalten sind Miete, Strom, Wasser, Gas, Garage, Bettw\u00e4sche und Endreinigung.&nbsp;Bitte beachten Sie, dass die K\u00fcchenausstattung nicht&nbsp; zur Endreinigung geh\u00f6rt und T\u00f6pfe, Geschirr, Herd sowie Kaffeemaschine vor Abreise selbst zu reinigen sind. Au\u00dferdem bitten wir Sie die Bettw\u00e4sche abzuziehen und in den Eingangsbereich zu legen.&nbsp;Bitten trennen Sie den M\u00fcll und bringen ihn ins M\u00fcllh\u00e4uschen. In unserem Ferienhaus sind leider keine Haustiere erlaubt. Das Rauchen ist nur auf der Terrasse gestattet, im Haus selbst darf nicht geraucht werden.<\/p>\n\n\n\n<p><strong>Stornobedingungen<\/strong>:<\/p>\n\n\n\n<p>Kostenfreie Stornierung bis 32 Tage vor Anreisetag m\u00f6glich.<\/p>\n\n\n\n<ul class=\"wp-block-list\">\n<li>bis 31 Tag vor Anreise 15 % der Mietkosten<\/li>\n\n\n\n<li>bis 21 Tag vor Anreise 30 % der Mietkosten<\/li>\n\n\n\n<li>bis 14 Tag vor Anreise 60 % der Mietkosten<\/li>\n\n\n\n<li>bis 7 Tag vor Anreise 80 % der Mietkosten<\/li>\n\n\n\n<li>danach 90 % der Mietkosten<\/li>\n<\/ul>\n\n\n\n<p>Aufhebung des Vertrages wegen au\u00dfergew\u00f6hnlicher Umst\u00e4nde:<br>Sollte im Falle von Einfl\u00fcssen h\u00f6herer Gewalt das Ferienhaus nicht zur Verf\u00fcgung gestellt werden k\u00f6nnen, wird die gesamte geleistete Mietzahlung zur\u00fcckbezahlt. Anspr\u00fcche dar\u00fcber hinaus k\u00f6nnen nicht geltend gemacht werden.<\/p>\n","protected":false},"excerpt":{"rendered":"<p>Hauptsaison(1)83,00 \u20ac Nebensaison(2)73,00 \u20ac Sparwochen(3)56,00 \u20ac 01.01. &#8211; 05.01.2024 06.01. &#8211; 09.02.2024 09.11. &#8211; 06.12.2024 10.02. &#8211; 16.02.2024 17.02. &#8211; 17.05.2024 &nbsp; 18.05. &#8211; 06.09.2024 07.09. &#8211; 11.10.2024 &nbsp; 12.10. &#8211; 01.11.2024 02.11. &#8211; 08.11.2024 &nbsp; 21.12. &#8211; 31.12.2024 07.12. &#8211; 20.12.2024 &nbsp; Hauptsaison(1)90,00 \u20ac Nebensaison(2)80,00 \u20ac Sparwochen(3)60,00 \u20ac 01.01. &#8211; 10.01.2025 11.01. &#8211; 28.02.2025 08.11. &#8211; 05.12.2025 01.03. &#8211; 07.03.2025 08.03. &#8211; 06.06.2025 &nbsp; 07.06. &#8211; 12.09.2025 13.09. &#8211; 10.10.2025 &nbsp; 11.10. &#8211; 31.10.2025 01.11. &#8211; 07.11.2025 &nbsp; 20.12. &#8211; 31.12.2025 06.12. &#8211; 19.12.2025 &nbsp; (1) Der Preis gilt f\u00fcr eine Belegung mit 2 Personen pro Nacht. Wir vermieten w\u00e4hrend der Hauptsaison nur &nbsp;wochenweise von Samstag auf Samstag. (2) Der Preis gilt f\u00fcr eine Belegung mit 2 Personen pro Nacht. In der Nebensaison vermieten wir f\u00fcr mindestens 3 N\u00e4chte und berechnen f\u00fcr Kurzurlaube (Aufenthalt unter 7 N\u00e4chten) einen Aufpreis von 50\u20ac. (3) Der Preis gilt f\u00fcr eine Belegung mit 2 Personen pro Nacht. Die Sparwochen gelten ab 1 Woche Mietdauer, ansonsten wird Nebensaison berechnet.&nbsp; zzgl. Kurtaxe (enth\u00e4lt die KONUS-G\u00e4stekarte) &nbsp;&nbsp; Erwachsene: 2,90 \u20ac \/ Nacht &nbsp;&nbsp; Jugendliche unter 17 Jahre: 1,20 \u20ac \/ Nacht &nbsp;&nbsp; Kinder unter 6 Jahre: keine Kurtaxe Zus\u00e4tzliche Personen &nbsp;&nbsp; Erwachsene und Jugendliche ab 6 Jahre : 10 \u20ac \/ Nacht &nbsp;&nbsp; Kinder unter 6 Jahre : 5 \u20ac \/ Nacht Im Preis enthalten sind Miete, Strom, Wasser, Gas, Garage, Bettw\u00e4sche und Endreinigung.&nbsp;Bitte beachten Sie, dass die K\u00fcchenausstattung nicht&nbsp; zur Endreinigung geh\u00f6rt und T\u00f6pfe, Geschirr, Herd sowie Kaffeemaschine vor Abreise selbst zu reinigen sind. Au\u00dferdem bitten wir Sie die Bettw\u00e4sche abzuziehen und in den Eingangsbereich zu legen.&nbsp;Bitten trennen Sie den M\u00fcll und bringen ihn ins M\u00fcllh\u00e4uschen. In unserem Ferienhaus sind leider keine Haustiere erlaubt. Das Rauchen ist nur auf der Terrasse gestattet, im Haus selbst darf nicht geraucht werden. Stornobedingungen: Kostenfreie Stornierung bis 32 Tage vor Anreisetag m\u00f6glich. Aufhebung des Vertrages wegen au\u00dfergew\u00f6hnlicher Umst\u00e4nde:Sollte im Falle von Einfl\u00fcssen h\u00f6herer Gewalt das Ferienhaus nicht zur Verf\u00fcgung gestellt werden k\u00f6nnen, wird die gesamte geleistete Mietzahlung zur\u00fcckbezahlt. Anspr\u00fcche dar\u00fcber hinaus k\u00f6nnen nicht geltend gemacht werden.<\/p>\n","protected":false},"author":1,"featured_media":0,"parent":0,"menu_order":0,"comment_status":"closed","ping_status":"closed","template":"","meta":{"footnotes":""},"class_list":["post-12","page","type-page","status-publish","hentry"],"_links":{"self":[{"href":"https:\/\/ferienparkneumatte.de\/index.php\/wp-json\/wp\/v2\/pages\/12","targetHints":{"allow":["GET"]}}],"collection":[{"href":"https:\/\/ferienparkneumatte.de\/index.php\/wp-json\/wp\/v2\/pages"}],"about":[{"href":"https:\/\/ferienparkneumatte.de\/index.php\/wp-json\/wp\/v2\/types\/page"}],"author":[{"embeddable":true,"href":"https:\/\/ferienparkneumatte.de\/index.php\/wp-json\/wp\/v2\/users\/1"}],"replies":[{"embeddable":true,"href":"https:\/\/ferienparkneumatte.de\/index.php\/wp-json\/wp\/v2\/comments?post=12"}],"version-history":[{"count":21,"href":"https:\/\/ferienparkneumatte.de\/index.php\/wp-json\/wp\/v2\/pages\/12\/revisions"}],"predecessor-version":[{"id":410,"href":"https:\/\/ferienparkneumatte.de\/index.php\/wp-json\/wp\/v2\/pages\/12\/revisions\/410"}],"wp:attachment":[{"href":"https:\/\/ferienparkneumatte.de\/index.php\/wp-json\/wp\/v2\/media?parent=12"}],"curies":[{"name":"wp","href":"https:\/\/api.w.org\/{rel}","templated":true}]}}