{"id":6,"date":"2020-10-22T11:16:28","date_gmt":"2020-10-22T09:16:28","guid":{"rendered":"http:\/\/new.ferienparkneumatte.de\/?page_id=6"},"modified":"2020-11-21T22:50:36","modified_gmt":"2020-11-21T20:50:36","slug":"start","status":"publish","type":"page","link":"https:\/\/ferienparkneumatte.de\/","title":{"rendered":"Start"},"content":{"rendered":"\n<p>Unser gem\u00fctliches Ferienh\u00e4uschen f\u00fcr zwei bis vier Personen liegt im sch\u00f6nen Ferienpark Neumatte in Falkau im Hochschwarzwald, nahe Feldberg und Titisee. Ob Sie Ruhe und Erholung suchen, in der malerischen Natur den Alltag vergessen m\u00f6chten, Wandern gehen, Biken oder Skifahren m\u00f6chten &#8211; der Ferienpark bietet f\u00fcr Ihren Urlaub den idealen Ausgangspunkt. Auch f\u00fcr Familien mit Kindern eignet sich das idyllisch gelegene Ferienh\u00e4uschen sehr gut.<\/p>\n\n\n\n<p>Bei Fragen d\u00fcrfen Sie uns gerne anrufen oder Sie senden uns einfach eine E-Mail mit Ihren Fragen.<\/p>\n\n\n\n<p>Gerne begr\u00fc\u00dfen wir Sie demn\u00e4chst pers\u00f6nlich.<\/p>\n\n\n\n<p>Ihre Familie Licht<\/p>\n","protected":false},"excerpt":{"rendered":"<p>Unser gem\u00fctliches Ferienh\u00e4uschen f\u00fcr zwei bis vier Personen liegt im sch\u00f6nen Ferienpark Neumatte in Falkau im Hochschwarzwald, nahe Feldberg und Titisee. Ob Sie Ruhe und Erholung suchen, in der malerischen Natur den Alltag vergessen m\u00f6chten, Wandern gehen, Biken oder Skifahren m\u00f6chten &#8211; der Ferienpark bietet f\u00fcr Ihren Urlaub den idealen Ausgangspunkt. Auch f\u00fcr Familien mit Kindern eignet sich das idyllisch gelegene Ferienh\u00e4uschen sehr gut. Bei Fragen d\u00fcrfen Sie uns gerne anrufen oder Sie senden uns einfach eine E-Mail mit Ihren Fragen. Gerne begr\u00fc\u00dfen wir Sie demn\u00e4chst pers\u00f6nlich. Ihre Familie Licht<\/p>\n","protected":false},"author":1,"featured_media":0,"parent":0,"menu_order":0,"comment_status":"closed","ping_status":"closed","template":"","meta":{"footnotes":""},"class_list":["post-6","page","type-page","status-publish","hentry"],"_links":{"self":[{"href":"https:\/\/ferienparkneumatte.de\/index.php\/wp-json\/wp\/v2\/pages\/6","targetHints":{"allow":["GET"]}}],"collection":[{"href":"https:\/\/ferienparkneumatte.de\/index.php\/wp-json\/wp\/v2\/pages"}],"about":[{"href":"https:\/\/ferienparkneumatte.de\/index.php\/wp-json\/wp\/v2\/types\/page"}],"author":[{"embeddable":true,"href":"https:\/\/ferienparkneumatte.de\/index.php\/wp-json\/wp\/v2\/users\/1"}],"replies":[{"embeddable":true,"href":"https:\/\/ferienparkneumatte.de\/index.php\/wp-json\/wp\/v2\/comments?post=6"}],"version-history":[{"count":9,"href":"https:\/\/ferienparkneumatte.de\/index.php\/wp-json\/wp\/v2\/pages\/6\/revisions"}],"predecessor-version":[{"id":108,"href":"https:\/\/ferienparkneumatte.de\/index.php\/wp-json\/wp\/v2\/pages\/6\/revisions\/108"}],"wp:attachment":[{"href":"https:\/\/ferienparkneumatte.de\/index.php\/wp-json\/wp\/v2\/media?parent=6"}],"curies":[{"name":"wp","href":"https:\/\/api.w.org\/{rel}","templated":true}]}}