{"id":8,"date":"2020-10-22T11:18:28","date_gmt":"2020-10-22T11:18:28","guid":{"rendered":"http:\/\/new.ferienparkneumatte.de\/?page_id=8"},"modified":"2024-01-14T20:31:53","modified_gmt":"2024-01-14T19:31:53","slug":"der-ferienpark","status":"publish","type":"page","link":"https:\/\/ferienparkneumatte.de\/index.php\/der-ferienpark\/","title":{"rendered":"Ferienpark &#038; Haus"},"content":{"rendered":"\n<p>Das Ferienhaus ist eines von insgesamt 7 Ferienh\u00e4uschen des sehr idyllisch und ruhig gelegenen Ferienparks Neumatte. Im s\u00fcdlichen Hochschwarzwald zwischen Titisee und Schluchsee im Ort Falkau ist der autofreie Ferienpark auf einer H\u00f6he knapp unter 1.000&nbsp;m gelegen. Der kleine Ferienpark ist sehr harmonisch in die Natur eingebettet. Zudem bietet jedes Haus f\u00fcr sich gen\u00fcgend Privatsph\u00e4re und ausreichend Platz f\u00fcr Ihren individuellen Erholungs-, Freizeit- oder Familienurlaub. <\/p>\n\n\n\n<p>Direkte Nachbarorte von Falkau sind Altglash\u00fctten und B\u00e4rental, welche durch ihre Bahnh\u00f6fe Anschluss an das \u00f6ffentliche Verkehrsnetz und verschiedene Einkaufsm\u00f6glichkeiten (u.a ein gr\u00f6\u00dferer Lidl-Markt in B\u00e4rental) sowie eine abwechslungsreiche Gastronomie bieten.<\/p>\n\n\n\n<p><\/p>\n\n\n\n<figure class=\"wp-block-gallery has-nested-images columns-5 is-cropped wp-block-gallery-1 is-layout-flex wp-block-gallery-is-layout-flex\">\n<figure class=\"wp-block-image size-thumbnail\"><a href=\"https:\/\/ferienparkneumatte.de\/wp-content\/uploads\/2021\/01\/Ferienhaus-05.05.2013-17-58-32.jpg\" data-lbwps-width=\"2736\" data-lbwps-height=\"3648\" data-lbwps-srcsmall=\"https:\/\/ferienparkneumatte.de\/wp-content\/uploads\/2021\/01\/Ferienhaus-05.05.2013-17-58-32-225x300.jpg\"><img loading=\"lazy\" decoding=\"async\" width=\"150\" height=\"150\" data-id=\"301\" src=\"https:\/\/ferienparkneumatte.de\/wp-content\/uploads\/2021\/01\/Ferienhaus-05.05.2013-17-58-32-150x150.jpg\" alt=\"Ferienpark\" class=\"wp-image-301\"\/><\/a><figcaption class=\"wp-element-caption\">Parkeingang<\/figcaption><\/figure>\n\n\n\n<figure class=\"wp-block-image size-thumbnail\"><a href=\"https:\/\/ferienparkneumatte.de\/wp-content\/uploads\/2021\/01\/DSCN1028.jpg\" data-lbwps-width=\"3648\" data-lbwps-height=\"2736\" data-lbwps-srcsmall=\"https:\/\/ferienparkneumatte.de\/wp-content\/uploads\/2021\/01\/DSCN1028-300x225.jpg\"><img loading=\"lazy\" decoding=\"async\" width=\"150\" height=\"150\" data-id=\"360\" src=\"https:\/\/ferienparkneumatte.de\/wp-content\/uploads\/2021\/01\/DSCN1028-150x150.jpg\" alt=\"\" class=\"wp-image-360\" srcset=\"https:\/\/ferienparkneumatte.de\/wp-content\/uploads\/2021\/01\/DSCN1028-150x150.jpg 150w, https:\/\/ferienparkneumatte.de\/wp-content\/uploads\/2021\/01\/DSCN1028-300x300.jpg 300w, https:\/\/ferienparkneumatte.de\/wp-content\/uploads\/2021\/01\/DSCN1028-75x75.jpg 75w\" sizes=\"auto, (max-width: 150px) 100vw, 150px\" \/><\/a><figcaption class=\"wp-element-caption\">Parkgel\u00e4nde<\/figcaption><\/figure>\n\n\n\n<figure class=\"wp-block-image size-thumbnail\"><a href=\"https:\/\/ferienparkneumatte.de\/wp-content\/uploads\/2021\/01\/IMG_5669.jpg\" data-lbwps-width=\"6763\" data-lbwps-height=\"3585\" data-lbwps-srcsmall=\"https:\/\/ferienparkneumatte.de\/wp-content\/uploads\/2021\/01\/IMG_5669-300x159.jpg\"><img loading=\"lazy\" decoding=\"async\" width=\"150\" height=\"150\" data-id=\"351\" src=\"https:\/\/ferienparkneumatte.de\/wp-content\/uploads\/2021\/01\/IMG_5669-150x150.jpg\" alt=\"\" class=\"wp-image-351\" srcset=\"https:\/\/ferienparkneumatte.de\/wp-content\/uploads\/2021\/01\/IMG_5669-150x150.jpg 150w, https:\/\/ferienparkneumatte.de\/wp-content\/uploads\/2021\/01\/IMG_5669-300x300.jpg 300w, https:\/\/ferienparkneumatte.de\/wp-content\/uploads\/2021\/01\/IMG_5669-75x75.jpg 75w\" sizes=\"auto, (max-width: 150px) 100vw, 150px\" \/><\/a><figcaption class=\"wp-element-caption\">Im Park bei Schnee<\/figcaption><\/figure>\n\n\n\n<figure class=\"wp-block-image size-thumbnail\"><a href=\"https:\/\/ferienparkneumatte.de\/wp-content\/uploads\/2021\/01\/Ferienhaus-18.10.2013-10-28-17.jpg\" data-lbwps-width=\"3240\" data-lbwps-height=\"4320\" data-lbwps-srcsmall=\"https:\/\/ferienparkneumatte.de\/wp-content\/uploads\/2021\/01\/Ferienhaus-18.10.2013-10-28-17-225x300.jpg\"><img loading=\"lazy\" decoding=\"async\" width=\"150\" height=\"150\" data-id=\"302\" src=\"https:\/\/ferienparkneumatte.de\/wp-content\/uploads\/2021\/01\/Ferienhaus-18.10.2013-10-28-17-150x150.jpg\" alt=\"Ferienpark\" class=\"wp-image-302\"\/><\/a><figcaption class=\"wp-element-caption\">Br\u00fccke im Park<\/figcaption><\/figure>\n\n\n\n<figure class=\"wp-block-image size-thumbnail\"><a href=\"https:\/\/ferienparkneumatte.de\/wp-content\/uploads\/2021\/01\/Ferienhaus-26.06.2013-19-14-55.jpg\" data-lbwps-width=\"4320\" data-lbwps-height=\"3240\" data-lbwps-srcsmall=\"https:\/\/ferienparkneumatte.de\/wp-content\/uploads\/2021\/01\/Ferienhaus-26.06.2013-19-14-55-300x225.jpg\"><img loading=\"lazy\" decoding=\"async\" width=\"150\" height=\"150\" data-id=\"303\" src=\"https:\/\/ferienparkneumatte.de\/wp-content\/uploads\/2021\/01\/Ferienhaus-26.06.2013-19-14-55-150x150.jpg\" alt=\"Ferienpark\" class=\"wp-image-303\" srcset=\"https:\/\/ferienparkneumatte.de\/wp-content\/uploads\/2021\/01\/Ferienhaus-26.06.2013-19-14-55-150x150.jpg 150w, https:\/\/ferienparkneumatte.de\/wp-content\/uploads\/2021\/01\/Ferienhaus-26.06.2013-19-14-55-300x300.jpg 300w, https:\/\/ferienparkneumatte.de\/wp-content\/uploads\/2021\/01\/Ferienhaus-26.06.2013-19-14-55-75x75.jpg 75w\" sizes=\"auto, (max-width: 150px) 100vw, 150px\" \/><\/a><figcaption class=\"wp-element-caption\">K\u00fche vor dem Park<\/figcaption><\/figure>\n\n\n\n<figure class=\"wp-block-image size-thumbnail\"><a href=\"https:\/\/ferienparkneumatte.de\/wp-content\/uploads\/2021\/01\/IMG_5367.jpg\" data-lbwps-width=\"5184\" data-lbwps-height=\"3456\" data-lbwps-srcsmall=\"https:\/\/ferienparkneumatte.de\/wp-content\/uploads\/2021\/01\/IMG_5367-300x200.jpg\"><img loading=\"lazy\" decoding=\"async\" width=\"150\" height=\"150\" data-id=\"304\" src=\"https:\/\/ferienparkneumatte.de\/wp-content\/uploads\/2021\/01\/IMG_5367-150x150.jpg\" alt=\"Ferienpark\" class=\"wp-image-304\" srcset=\"https:\/\/ferienparkneumatte.de\/wp-content\/uploads\/2021\/01\/IMG_5367-150x150.jpg 150w, https:\/\/ferienparkneumatte.de\/wp-content\/uploads\/2021\/01\/IMG_5367-300x300.jpg 300w, https:\/\/ferienparkneumatte.de\/wp-content\/uploads\/2021\/01\/IMG_5367-75x75.jpg 75w\" sizes=\"auto, (max-width: 150px) 100vw, 150px\" \/><\/a><figcaption class=\"wp-element-caption\">Tischtennisplatte und Tischkicker im Park<\/figcaption><\/figure>\n\n\n\n<figure class=\"wp-block-image size-thumbnail\"><a href=\"https:\/\/ferienparkneumatte.de\/wp-content\/uploads\/2021\/01\/DSCN1030.jpg\" data-lbwps-width=\"2736\" data-lbwps-height=\"3648\" data-lbwps-srcsmall=\"https:\/\/ferienparkneumatte.de\/wp-content\/uploads\/2021\/01\/DSCN1030-225x300.jpg\"><img loading=\"lazy\" decoding=\"async\" width=\"150\" height=\"150\" data-id=\"359\" src=\"https:\/\/ferienparkneumatte.de\/wp-content\/uploads\/2021\/01\/DSCN1030-150x150.jpg\" alt=\"\" class=\"wp-image-359\"\/><\/a><figcaption class=\"wp-element-caption\">B\u00e4chle im Park<\/figcaption><\/figure>\n\n\n\n<figure class=\"wp-block-image size-thumbnail\"><a href=\"https:\/\/ferienparkneumatte.de\/wp-content\/uploads\/2021\/01\/DSC05410.jpg\" data-lbwps-width=\"4693\" data-lbwps-height=\"3119\" data-lbwps-srcsmall=\"https:\/\/ferienparkneumatte.de\/wp-content\/uploads\/2021\/01\/DSC05410-300x199.jpg\"><img loading=\"lazy\" decoding=\"async\" width=\"150\" height=\"150\" data-id=\"352\" src=\"https:\/\/ferienparkneumatte.de\/wp-content\/uploads\/2021\/01\/DSC05410-150x150.jpg\" alt=\"\" class=\"wp-image-352\" srcset=\"https:\/\/ferienparkneumatte.de\/wp-content\/uploads\/2021\/01\/DSC05410-150x150.jpg 150w, https:\/\/ferienparkneumatte.de\/wp-content\/uploads\/2021\/01\/DSC05410-300x300.jpg 300w, https:\/\/ferienparkneumatte.de\/wp-content\/uploads\/2021\/01\/DSC05410-75x75.jpg 75w\" sizes=\"auto, (max-width: 150px) 100vw, 150px\" \/><\/a><figcaption class=\"wp-element-caption\">Weihnachtsstimmung im Park<\/figcaption><\/figure>\n\n\n\n<figure class=\"wp-block-image size-thumbnail\"><a href=\"https:\/\/ferienparkneumatte.de\/wp-content\/uploads\/2021\/01\/DSCN1043.jpg\" data-lbwps-width=\"3648\" data-lbwps-height=\"2736\" data-lbwps-srcsmall=\"https:\/\/ferienparkneumatte.de\/wp-content\/uploads\/2021\/01\/DSCN1043-300x225.jpg\"><img loading=\"lazy\" decoding=\"async\" width=\"150\" height=\"150\" data-id=\"300\" src=\"https:\/\/ferienparkneumatte.de\/wp-content\/uploads\/2021\/01\/DSCN1043-150x150.jpg\" alt=\"Ferienpark\" class=\"wp-image-300\" srcset=\"https:\/\/ferienparkneumatte.de\/wp-content\/uploads\/2021\/01\/DSCN1043-150x150.jpg 150w, https:\/\/ferienparkneumatte.de\/wp-content\/uploads\/2021\/01\/DSCN1043-300x300.jpg 300w, https:\/\/ferienparkneumatte.de\/wp-content\/uploads\/2021\/01\/DSCN1043-75x75.jpg 75w\" sizes=\"auto, (max-width: 150px) 100vw, 150px\" \/><\/a><figcaption class=\"wp-element-caption\">Urlaubsstimmung im Park<\/figcaption><\/figure>\n<\/figure>\n\n\n\n<p><\/p>\n\n\n\n<p>Das gem\u00fctliche Ferienhaus von 53 m<sup>2<\/sup> ist aufgeteilt in ein Wohnzimmer mit Essecke, zwei Schlafzimmer, ein Badezimmer (Dusche\/WC), K\u00fcche und Terrasse. Dazu geh\u00f6rt eine Einzelgarage, von der Sie in wenigen Metern zum Haus gelangen.<\/p>\n\n\n\n<p>Zudem steht ein Internetzugang (W-Lan), TV, sowie ein Telefon zum telefonieren ins deutsche Festnetz zur Verf\u00fcgung.<\/p>\n\n\n\n<p>Von der Terrasse aus k\u00f6nnen Sie den Blick in die Natur genie\u00dfen, da sich das Ferienhaus in der ersten Reihe des Ferienparks in sch\u00f6ner S\u00fcdlage befindet und die Aussicht nicht verbaut ist. Auf ihr befinden sich mehrere Sitzgelegenheiten.<\/p>\n\n\n\n<p><\/p>\n\n\n\n<figure class=\"wp-block-gallery has-nested-images columns-5 is-cropped wp-block-gallery-2 is-layout-flex wp-block-gallery-is-layout-flex\">\n<figure class=\"wp-block-image size-thumbnail\"><a href=\"https:\/\/ferienparkneumatte.de\/wp-content\/uploads\/2021\/01\/Ferienhaus-18.10.2013-10-24-03.jpg\" data-lbwps-width=\"4320\" data-lbwps-height=\"3240\" data-lbwps-srcsmall=\"https:\/\/ferienparkneumatte.de\/wp-content\/uploads\/2021\/01\/Ferienhaus-18.10.2013-10-24-03-300x225.jpg\"><img loading=\"lazy\" decoding=\"async\" width=\"150\" height=\"150\" data-id=\"307\" src=\"https:\/\/ferienparkneumatte.de\/wp-content\/uploads\/2021\/01\/Ferienhaus-18.10.2013-10-24-03-150x150.jpg\" alt=\"Haus - Au\u00dfenansicht\" class=\"wp-image-307\"\/><\/a><figcaption class=\"wp-element-caption\">S\u00fcdterrasse<\/figcaption><\/figure>\n\n\n\n<figure class=\"wp-block-image size-thumbnail\"><a href=\"https:\/\/ferienparkneumatte.de\/wp-content\/uploads\/2021\/01\/DSCN8192.jpg\" data-lbwps-width=\"3647\" data-lbwps-height=\"2736\" data-lbwps-srcsmall=\"https:\/\/ferienparkneumatte.de\/wp-content\/uploads\/2021\/01\/DSCN8192-300x225.jpg\"><img loading=\"lazy\" decoding=\"async\" width=\"150\" height=\"150\" data-id=\"367\" src=\"https:\/\/ferienparkneumatte.de\/wp-content\/uploads\/2021\/01\/DSCN8192-150x150.jpg\" alt=\"\" class=\"wp-image-367\" srcset=\"https:\/\/ferienparkneumatte.de\/wp-content\/uploads\/2021\/01\/DSCN8192-150x150.jpg 150w, https:\/\/ferienparkneumatte.de\/wp-content\/uploads\/2021\/01\/DSCN8192-300x300.jpg 300w, https:\/\/ferienparkneumatte.de\/wp-content\/uploads\/2021\/01\/DSCN8192-75x75.jpg 75w\" sizes=\"auto, (max-width: 150px) 100vw, 150px\" \/><\/a><figcaption class=\"wp-element-caption\">Unser Ferienhaus<\/figcaption><\/figure>\n\n\n\n<figure class=\"wp-block-image size-thumbnail\"><a href=\"https:\/\/ferienparkneumatte.de\/wp-content\/uploads\/2021\/01\/IMG_6809.jpg\" data-lbwps-width=\"3456\" data-lbwps-height=\"5184\" data-lbwps-srcsmall=\"https:\/\/ferienparkneumatte.de\/wp-content\/uploads\/2021\/01\/IMG_6809-200x300.jpg\"><img loading=\"lazy\" decoding=\"async\" width=\"150\" height=\"150\" data-id=\"325\" src=\"https:\/\/ferienparkneumatte.de\/wp-content\/uploads\/2021\/01\/IMG_6809-150x150.jpg\" alt=\"Haus - innen\" class=\"wp-image-325\"\/><\/a><figcaption class=\"wp-element-caption\">Eingangsbereich<\/figcaption><\/figure>\n\n\n\n<figure class=\"wp-block-image size-large\"><a href=\"https:\/\/ferienparkneumatte.de\/wp-content\/uploads\/2021\/01\/20200614_160552.jpg\" data-lbwps-width=\"5312\" data-lbwps-height=\"2988\" data-lbwps-srcsmall=\"https:\/\/ferienparkneumatte.de\/wp-content\/uploads\/2021\/01\/20200614_160552.jpg\"><img decoding=\"async\" data-id=\"319\" src=\"https:\/\/ferienparkneumatte.de\/wp-content\/uploads\/2021\/01\/20200614_160552.jpg\" alt=\"Haus - innen\" class=\"wp-image-319\"\/><\/a><figcaption class=\"wp-element-caption\">Wohnzimmer mit Kamin<\/figcaption><\/figure>\n\n\n\n<figure class=\"wp-block-image size-thumbnail\"><a href=\"https:\/\/ferienparkneumatte.de\/wp-content\/uploads\/2021\/01\/2015-01-30-10.13.28.jpg\" data-lbwps-width=\"3264\" data-lbwps-height=\"1836\" data-lbwps-srcsmall=\"https:\/\/ferienparkneumatte.de\/wp-content\/uploads\/2021\/01\/2015-01-30-10.13.28-300x169.jpg\"><img loading=\"lazy\" decoding=\"async\" width=\"150\" height=\"150\" data-id=\"308\" src=\"https:\/\/ferienparkneumatte.de\/wp-content\/uploads\/2021\/01\/2015-01-30-10.13.28-150x150.jpg\" alt=\"Haus - Terrasse\" class=\"wp-image-308\" srcset=\"https:\/\/ferienparkneumatte.de\/wp-content\/uploads\/2021\/01\/2015-01-30-10.13.28-150x150.jpg 150w, https:\/\/ferienparkneumatte.de\/wp-content\/uploads\/2021\/01\/2015-01-30-10.13.28-300x300.jpg 300w, https:\/\/ferienparkneumatte.de\/wp-content\/uploads\/2021\/01\/2015-01-30-10.13.28-75x75.jpg 75w\" sizes=\"auto, (max-width: 150px) 100vw, 150px\" \/><\/a><figcaption class=\"wp-element-caption\">Terrassentisch<\/figcaption><\/figure>\n\n\n\n<figure class=\"wp-block-image size-thumbnail\"><a href=\"https:\/\/ferienparkneumatte.de\/wp-content\/uploads\/2021\/01\/Ferienhaus-09.07.2013-11-30-42.42.jpg\" data-lbwps-width=\"2333\" data-lbwps-height=\"1753\" data-lbwps-srcsmall=\"https:\/\/ferienparkneumatte.de\/wp-content\/uploads\/2021\/01\/Ferienhaus-09.07.2013-11-30-42.42-300x225.jpg\"><img loading=\"lazy\" decoding=\"async\" width=\"150\" height=\"150\" data-id=\"357\" src=\"https:\/\/ferienparkneumatte.de\/wp-content\/uploads\/2021\/01\/Ferienhaus-09.07.2013-11-30-42.42-150x150.jpg\" alt=\"\" class=\"wp-image-357\" srcset=\"https:\/\/ferienparkneumatte.de\/wp-content\/uploads\/2021\/01\/Ferienhaus-09.07.2013-11-30-42.42-150x150.jpg 150w, https:\/\/ferienparkneumatte.de\/wp-content\/uploads\/2021\/01\/Ferienhaus-09.07.2013-11-30-42.42-300x300.jpg 300w, https:\/\/ferienparkneumatte.de\/wp-content\/uploads\/2021\/01\/Ferienhaus-09.07.2013-11-30-42.42-75x75.jpg 75w\" sizes=\"auto, (max-width: 150px) 100vw, 150px\" \/><\/a><figcaption class=\"wp-element-caption\">Blick von der Terrasse<\/figcaption><\/figure>\n\n\n\n<figure class=\"wp-block-image size-large\"><a href=\"https:\/\/ferienparkneumatte.de\/wp-content\/uploads\/2021\/01\/20200614_160653.jpg\" data-lbwps-width=\"5312\" data-lbwps-height=\"2988\" data-lbwps-srcsmall=\"https:\/\/ferienparkneumatte.de\/wp-content\/uploads\/2021\/01\/20200614_160653.jpg\"><img decoding=\"async\" data-id=\"318\" src=\"https:\/\/ferienparkneumatte.de\/wp-content\/uploads\/2021\/01\/20200614_160653.jpg\" alt=\"Haus - innen\" class=\"wp-image-318\"\/><\/a><figcaption class=\"wp-element-caption\">Essbereich im Wohnzimmer<\/figcaption><\/figure>\n\n\n\n<figure class=\"wp-block-image size-thumbnail\"><a href=\"https:\/\/ferienparkneumatte.de\/wp-content\/uploads\/2021\/01\/IMG_5665_angepasst.jpg\" data-lbwps-width=\"6449\" data-lbwps-height=\"3627\" data-lbwps-srcsmall=\"https:\/\/ferienparkneumatte.de\/wp-content\/uploads\/2021\/01\/IMG_5665_angepasst-300x169.jpg\"><img loading=\"lazy\" decoding=\"async\" width=\"150\" height=\"150\" data-id=\"358\" src=\"https:\/\/ferienparkneumatte.de\/wp-content\/uploads\/2021\/01\/IMG_5665_angepasst-150x150.jpg\" alt=\"\" class=\"wp-image-358\" srcset=\"https:\/\/ferienparkneumatte.de\/wp-content\/uploads\/2021\/01\/IMG_5665_angepasst-150x150.jpg 150w, https:\/\/ferienparkneumatte.de\/wp-content\/uploads\/2021\/01\/IMG_5665_angepasst-300x300.jpg 300w, https:\/\/ferienparkneumatte.de\/wp-content\/uploads\/2021\/01\/IMG_5665_angepasst-75x75.jpg 75w\" sizes=\"auto, (max-width: 150px) 100vw, 150px\" \/><\/a><figcaption class=\"wp-element-caption\">Rechts unser Ferienhaus<\/figcaption><\/figure>\n\n\n\n<figure class=\"wp-block-image size-thumbnail\"><a href=\"https:\/\/ferienparkneumatte.de\/wp-content\/uploads\/2021\/01\/Image-2021-01-15.jpeg\" data-lbwps-width=\"1200\" data-lbwps-height=\"1600\" data-lbwps-srcsmall=\"https:\/\/ferienparkneumatte.de\/wp-content\/uploads\/2021\/01\/Image-2021-01-15-225x300.jpeg\"><img loading=\"lazy\" decoding=\"async\" width=\"150\" height=\"150\" data-id=\"342\" src=\"https:\/\/ferienparkneumatte.de\/wp-content\/uploads\/2021\/01\/Image-2021-01-15-150x150.jpeg\" alt=\"\" class=\"wp-image-342\" srcset=\"https:\/\/ferienparkneumatte.de\/wp-content\/uploads\/2021\/01\/Image-2021-01-15-150x150.jpeg 150w, https:\/\/ferienparkneumatte.de\/wp-content\/uploads\/2021\/01\/Image-2021-01-15-300x300.jpeg 300w, https:\/\/ferienparkneumatte.de\/wp-content\/uploads\/2021\/01\/Image-2021-01-15-75x75.jpeg 75w\" sizes=\"auto, (max-width: 150px) 100vw, 150px\" \/><\/a><figcaption class=\"wp-element-caption\">K\u00fcche mit Backofen<\/figcaption><\/figure>\n\n\n\n<figure class=\"wp-block-image size-thumbnail\"><a href=\"https:\/\/ferienparkneumatte.de\/wp-content\/uploads\/2021\/01\/IMG_4742.jpg\" data-lbwps-width=\"4752\" data-lbwps-height=\"3168\" data-lbwps-srcsmall=\"https:\/\/ferienparkneumatte.de\/wp-content\/uploads\/2021\/01\/IMG_4742-300x200.jpg\"><img loading=\"lazy\" decoding=\"async\" width=\"150\" height=\"150\" data-id=\"322\" src=\"https:\/\/ferienparkneumatte.de\/wp-content\/uploads\/2021\/01\/IMG_4742-150x150.jpg\" alt=\"Haus - innen\" class=\"wp-image-322\" srcset=\"https:\/\/ferienparkneumatte.de\/wp-content\/uploads\/2021\/01\/IMG_4742-150x150.jpg 150w, https:\/\/ferienparkneumatte.de\/wp-content\/uploads\/2021\/01\/IMG_4742-300x300.jpg 300w, https:\/\/ferienparkneumatte.de\/wp-content\/uploads\/2021\/01\/IMG_4742-75x75.jpg 75w\" sizes=\"auto, (max-width: 150px) 100vw, 150px\" \/><\/a><figcaption class=\"wp-element-caption\">Doppelbett im Schlafzimmer<\/figcaption><\/figure>\n\n\n\n<figure class=\"wp-block-image size-thumbnail\"><a href=\"https:\/\/ferienparkneumatte.de\/wp-content\/uploads\/2021\/01\/IMG_4758.jpg\" data-lbwps-width=\"4752\" data-lbwps-height=\"3168\" data-lbwps-srcsmall=\"https:\/\/ferienparkneumatte.de\/wp-content\/uploads\/2021\/01\/IMG_4758-300x200.jpg\"><img loading=\"lazy\" decoding=\"async\" width=\"150\" height=\"150\" data-id=\"321\" src=\"https:\/\/ferienparkneumatte.de\/wp-content\/uploads\/2021\/01\/IMG_4758-150x150.jpg\" alt=\"Haus - innen\" class=\"wp-image-321\"\/><\/a><figcaption class=\"wp-element-caption\">Kommode im Schlafzimmer<\/figcaption><\/figure>\n\n\n\n<figure class=\"wp-block-image size-thumbnail\"><a href=\"https:\/\/ferienparkneumatte.de\/wp-content\/uploads\/2021\/01\/DSC02834.jpg\" data-lbwps-width=\"5456\" data-lbwps-height=\"3632\" data-lbwps-srcsmall=\"https:\/\/ferienparkneumatte.de\/wp-content\/uploads\/2021\/01\/DSC02834-300x200.jpg\"><img loading=\"lazy\" decoding=\"async\" width=\"150\" height=\"150\" data-id=\"336\" src=\"https:\/\/ferienparkneumatte.de\/wp-content\/uploads\/2021\/01\/DSC02834-150x150.jpg\" alt=\"Haus - innen\" class=\"wp-image-336\" srcset=\"https:\/\/ferienparkneumatte.de\/wp-content\/uploads\/2021\/01\/DSC02834-150x150.jpg 150w, https:\/\/ferienparkneumatte.de\/wp-content\/uploads\/2021\/01\/DSC02834-300x300.jpg 300w, https:\/\/ferienparkneumatte.de\/wp-content\/uploads\/2021\/01\/DSC02834-75x75.jpg 75w\" sizes=\"auto, (max-width: 150px) 100vw, 150px\" \/><\/a><figcaption class=\"wp-element-caption\">Kinderzimmer mit Etagenbett &amp; Kommode<\/figcaption><\/figure>\n\n\n\n<figure class=\"wp-block-image size-large\"><a href=\"https:\/\/ferienparkneumatte.de\/wp-content\/uploads\/2021\/01\/DSC02824-1.jpg\" data-lbwps-width=\"5456\" data-lbwps-height=\"3632\" data-lbwps-srcsmall=\"https:\/\/ferienparkneumatte.de\/wp-content\/uploads\/2021\/01\/DSC02824-1.jpg\"><img decoding=\"async\" data-id=\"355\" src=\"https:\/\/ferienparkneumatte.de\/wp-content\/uploads\/2021\/01\/DSC02824-1.jpg\" alt=\"\" class=\"wp-image-355\"\/><\/a><figcaption class=\"wp-element-caption\">Etagenbett im Kinderzimmer<\/figcaption><\/figure>\n\n\n\n<figure class=\"wp-block-image size-thumbnail\"><a href=\"https:\/\/ferienparkneumatte.de\/wp-content\/uploads\/2021\/01\/20200705_210256.jpg\" data-lbwps-width=\"2448\" data-lbwps-height=\"3264\" data-lbwps-srcsmall=\"https:\/\/ferienparkneumatte.de\/wp-content\/uploads\/2021\/01\/20200705_210256.jpg\"><img loading=\"lazy\" decoding=\"async\" width=\"150\" height=\"150\" data-id=\"324\" src=\"https:\/\/ferienparkneumatte.de\/wp-content\/uploads\/2021\/01\/20200705_210256-150x150.jpg\" alt=\"Haus - innen\" class=\"wp-image-324\" srcset=\"https:\/\/ferienparkneumatte.de\/wp-content\/uploads\/2021\/01\/20200705_210256-150x150.jpg 150w, https:\/\/ferienparkneumatte.de\/wp-content\/uploads\/2021\/01\/20200705_210256-300x300.jpg 300w, https:\/\/ferienparkneumatte.de\/wp-content\/uploads\/2021\/01\/20200705_210256-75x75.jpg 75w\" sizes=\"auto, (max-width: 150px) 100vw, 150px\" \/><\/a><figcaption class=\"wp-element-caption\">Bad<\/figcaption><\/figure>\n\n\n\n<figure class=\"wp-block-image size-thumbnail\"><a href=\"https:\/\/ferienparkneumatte.de\/wp-content\/uploads\/2021\/01\/20200705_210433.jpg\" data-lbwps-width=\"2448\" data-lbwps-height=\"3264\" data-lbwps-srcsmall=\"https:\/\/ferienparkneumatte.de\/wp-content\/uploads\/2021\/01\/20200705_210433.jpg\"><img loading=\"lazy\" decoding=\"async\" width=\"150\" height=\"150\" data-id=\"323\" src=\"https:\/\/ferienparkneumatte.de\/wp-content\/uploads\/2021\/01\/20200705_210433-150x150.jpg\" alt=\"Haus - innen\" class=\"wp-image-323\" srcset=\"https:\/\/ferienparkneumatte.de\/wp-content\/uploads\/2021\/01\/20200705_210433-150x150.jpg 150w, https:\/\/ferienparkneumatte.de\/wp-content\/uploads\/2021\/01\/20200705_210433-300x300.jpg 300w, https:\/\/ferienparkneumatte.de\/wp-content\/uploads\/2021\/01\/20200705_210433-75x75.jpg 75w\" sizes=\"auto, (max-width: 150px) 100vw, 150px\" \/><\/a><figcaption class=\"wp-element-caption\">Bad<\/figcaption><\/figure>\n<\/figure>\n\n\n\n<p><\/p>\n\n\n\n<p>Die Ausstattung und Einrichtung im Detail:<\/p>\n\n\n\n<ul class=\"wp-block-list\">\n<li>Eingangsbereich mit Garderobe<\/li>\n\n\n\n<li>Wohnzimmer mit Essecke, Couch, Sessel, Wohnzimmertisch, TV, Stereoanlage mit AUX-Anschluss und Gasofen mit Kamin-Atmosph\u00e4re<\/li>\n\n\n\n<li>Telefon mit&nbsp;Telefon Flatrate&nbsp;ins deutsche Festnetz<\/li>\n\n\n\n<li>Internetflatrate \u00fcber WLAN (DSL 6000)<\/li>\n\n\n\n<li>Schlafzimmer mit Doppelbett (180 cm breit) und Kommode<\/li>\n\n\n\n<li>Schlafzimmer mit Etagenbett (unten 140cm breit, &nbsp;oben 90cm breit) und Kommode<\/li>\n\n\n\n<li>Bettw\u00e4sche und Geschirrt\u00fccher sind im Preis inbegriffen<\/li>\n\n\n\n<li>Einbauk\u00fcche: Backofen, E-Herd mit 4 Platten, K\u00fchlschrank,&nbsp;Geschirrsp\u00fclmaschine, Filterkaffeemaschine, Kocht\u00f6pfe, Pfannen, Handmixer, Geschirr und Besteck<\/li>\n\n\n\n<li>Dusche \/ WC, F\u00f6hn<\/li>\n\n\n\n<li>Terrasse: Tisch mit Eckbank, 2 Liegest\u00fchle, Sonnenschirm<\/li>\n\n\n\n<li>Garage: abschlie\u00dfbare Einzelgarage am Parkeingang<\/li>\n\n\n\n<li>Das Ferienparkgel\u00e4nde bietet allen Altersgruppen Freizeitaktivit\u00e4ten: Es gibt eine Schaukeln, einen Sandkasten, eine Boulebahn, eine Pergola, eine Feuerstelle, eine Kompakt-Minigolf-Anlage, eine Tischtennisplatte, ein Tischkicker und Ballspielm\u00f6glichkeiten. Bachl\u00e4ufe durchlaufen das Gel\u00e4nde und speisen ein Kneipbecken<\/li>\n\n\n\n<li>Unsere Gemeinschaftsh\u00fctte im Freizeitgel\u00e4nde ist beliebt f\u00fcr Zusammenk\u00fcnfte mit gem\u00fctliche Abenden und kann nach Anfrage genutzt werden.<\/li>\n\n\n\n<li>Das Gep\u00e4ck kann mit einem kleinen Handkarren bequem zu den H\u00e4usern gefahren werden.<\/li>\n<\/ul>\n","protected":false},"excerpt":{"rendered":"<p>Das Ferienhaus ist eines von insgesamt 7 Ferienh\u00e4uschen des sehr idyllisch und ruhig gelegenen Ferienparks Neumatte. Im s\u00fcdlichen Hochschwarzwald zwischen Titisee und Schluchsee im Ort Falkau ist der autofreie Ferienpark auf einer H\u00f6he knapp unter 1.000&nbsp;m gelegen. Der kleine Ferienpark ist sehr harmonisch in die Natur eingebettet. Zudem bietet jedes Haus f\u00fcr sich gen\u00fcgend Privatsph\u00e4re und ausreichend Platz f\u00fcr Ihren individuellen Erholungs-, Freizeit- oder Familienurlaub. Direkte Nachbarorte von Falkau sind Altglash\u00fctten und B\u00e4rental, welche durch ihre Bahnh\u00f6fe Anschluss an das \u00f6ffentliche Verkehrsnetz und verschiedene Einkaufsm\u00f6glichkeiten (u.a ein gr\u00f6\u00dferer Lidl-Markt in B\u00e4rental) sowie eine abwechslungsreiche Gastronomie bieten. Das gem\u00fctliche Ferienhaus von 53 m2 ist aufgeteilt in ein Wohnzimmer mit Essecke, zwei Schlafzimmer, ein Badezimmer (Dusche\/WC), K\u00fcche und Terrasse. Dazu geh\u00f6rt eine Einzelgarage, von der Sie in wenigen Metern zum Haus gelangen. Zudem steht ein Internetzugang (W-Lan), TV, sowie ein Telefon zum telefonieren ins deutsche Festnetz zur Verf\u00fcgung. Von der Terrasse aus k\u00f6nnen Sie den Blick in die Natur genie\u00dfen, da sich das Ferienhaus in der ersten Reihe des Ferienparks in sch\u00f6ner S\u00fcdlage befindet und die Aussicht nicht verbaut ist. Auf ihr befinden sich mehrere Sitzgelegenheiten. Die Ausstattung und Einrichtung im Detail:<\/p>\n","protected":false},"author":1,"featured_media":0,"parent":0,"menu_order":0,"comment_status":"closed","ping_status":"closed","template":"","meta":{"footnotes":""},"class_list":["post-8","page","type-page","status-publish","hentry"],"_links":{"self":[{"href":"https:\/\/ferienparkneumatte.de\/index.php\/wp-json\/wp\/v2\/pages\/8","targetHints":{"allow":["GET"]}}],"collection":[{"href":"https:\/\/ferienparkneumatte.de\/index.php\/wp-json\/wp\/v2\/pages"}],"about":[{"href":"https:\/\/ferienparkneumatte.de\/index.php\/wp-json\/wp\/v2\/types\/page"}],"author":[{"embeddable":true,"href":"https:\/\/ferienparkneumatte.de\/index.php\/wp-json\/wp\/v2\/users\/1"}],"replies":[{"embeddable":true,"href":"https:\/\/ferienparkneumatte.de\/index.php\/wp-json\/wp\/v2\/comments?post=8"}],"version-history":[{"count":36,"href":"https:\/\/ferienparkneumatte.de\/index.php\/wp-json\/wp\/v2\/pages\/8\/revisions"}],"predecessor-version":[{"id":411,"href":"https:\/\/ferienparkneumatte.de\/index.php\/wp-json\/wp\/v2\/pages\/8\/revisions\/411"}],"wp:attachment":[{"href":"https:\/\/ferienparkneumatte.de\/index.php\/wp-json\/wp\/v2\/media?parent=8"}],"curies":[{"name":"wp","href":"https:\/\/api.w.org\/{rel}","templated":true}]}}